{"id":438,"date":"2020-04-03T18:21:55","date_gmt":"2020-04-03T16:21:55","guid":{"rendered":"http:\/\/la-tour-morillon.fr\/?page_id=438"},"modified":"2025-08-23T15:59:24","modified_gmt":"2025-08-23T13:59:24","slug":"accueil-2","status":"publish","type":"page","link":"https:\/\/la-tour-morillon.fr\/","title":{"rendered":"ACCUEIL"},"content":{"rendered":"<p>[et_pb_section fb_built=\u00a0\u00bb1&Prime; _builder_version=\u00a0\u00bb4.4.1&Prime; background_image=\u00a0\u00bbhttp:\/\/la-tour-morillon.fr\/wp-content\/uploads\/2019\/10\/IMG_6313-e1571074048841.jpg\u00a0\u00bb parallax=\u00a0\u00bbon\u00a0\u00bb custom_padding=\u00a0\u00bb69px||144px|||\u00a0\u00bb][et_pb_row _builder_version=\u00a0\u00bb4.4.1&Prime; custom_margin=\u00a0\u00bb138px|auto||auto||\u00a0\u00bb scroll_vertical_motion_enable=\u00a0\u00bbon\u00a0\u00bb][et_pb_column type=\u00a0\u00bb4_4&Prime; _builder_version=\u00a0\u00bb4.4.1&Prime;][et_pb_text _builder_version=\u00a0\u00bb4.4.1&Prime; text_font=\u00a0\u00bbOswald|||on|||||\u00a0\u00bb text_text_color=\u00a0\u00bb#ffffff\u00a0\u00bb text_font_size=\u00a0\u00bb118px\u00a0\u00bb text_letter_spacing=\u00a0\u00bb8px\u00a0\u00bb header_font=\u00a0\u00bbOswald||||||||\u00a0\u00bb custom_padding=\u00a0\u00bb||2px|||\u00a0\u00bb animation_style=\u00a0\u00bbfade\u00a0\u00bb animation_duration=\u00a0\u00bb1200ms\u00a0\u00bb hover_transition_duration=\u00a0\u00bb850ms\u00a0\u00bb motion_trigger_start=\u00a0\u00bbbottom\u00a0\u00bb text_font_size_tablet=\u00a0\u00bb\u00a0\u00bb text_font_size_phone=\u00a0\u00bb40px\u00a0\u00bb text_font_size_last_edited=\u00a0\u00bbon|phone\u00a0\u00bb text_text_shadow_style=\u00a0\u00bbpreset3&Prime;]<\/p>\n<p style=\"text-align: center;\">La Tour<\/p>\n<p style=\"text-align: center;\">Morillon<\/p>\n<p>[\/et_pb_text][et_pb_text _builder_version=\u00a0\u00bb4.4.1&Prime; text_font=\u00a0\u00bbOswald|||||on|||\u00a0\u00bb text_text_color=\u00a0\u00bb#ffffff\u00a0\u00bb text_font_size=\u00a0\u00bb17px\u00a0\u00bb text_letter_spacing=\u00a0\u00bb7px\u00a0\u00bb header_font=\u00a0\u00bbOswald||||||||\u00a0\u00bb min_height=\u00a0\u00bb7px\u00a0\u00bb custom_margin=\u00a0\u00bb66px|||||\u00a0\u00bb custom_margin_tablet=\u00a0\u00bb\u00a0\u00bb custom_margin_phone=\u00a0\u00bb41px||||false|false\u00a0\u00bb custom_margin_last_edited=\u00a0\u00bbon|phone\u00a0\u00bb custom_padding=\u00a0\u00bb8px|||||\u00a0\u00bb animation_style=\u00a0\u00bbfade\u00a0\u00bb animation_duration=\u00a0\u00bb1250ms\u00a0\u00bb hover_transition_duration=\u00a0\u00bb650ms\u00a0\u00bb motion_trigger_start=\u00a0\u00bbtop\u00a0\u00bb text_font_size_tablet=\u00a0\u00bb\u00a0\u00bb text_font_size_phone=\u00a0\u00bb12px\u00a0\u00bb text_font_size_last_edited=\u00a0\u00bbon|phone\u00a0\u00bb text_letter_spacing_tablet=\u00a0\u00bb\u00a0\u00bb text_letter_spacing_phone=\u00a0\u00bb6px\u00a0\u00bb text_letter_spacing_last_edited=\u00a0\u00bbon|phone\u00a0\u00bb]<\/p>\n<p style=\"text-align: center;\">11 rue de la tour &#8211; Saint-Amand-Montrond<\/p>\n<p>[\/et_pb_text][et_pb_text _builder_version=\u00a0\u00bb4.4.1&Prime; text_text_color=\u00a0\u00bb#ffffff\u00a0\u00bb text_font_size=\u00a0\u00bb47px\u00a0\u00bb custom_margin=\u00a0\u00bb69px|||||\u00a0\u00bb animation_style=\u00a0\u00bbfade\u00a0\u00bb scroll_fade_enable=\u00a0\u00bbon\u00a0\u00bb scroll_fade=\u00a0\u00bb0|17|17|100|100%|100%|0%\u00a0\u00bb text_text_shadow_style=\u00a0\u00bbpreset1&Prime; text_text_shadow_horizontal_length=\u00a0\u00bb-0.02em\u00a0\u00bb text_text_shadow_blur_strength=\u00a0\u00bb0.86em\u00a0\u00bb]<\/p>\n<p style=\"text-align: center;\">\u2193<\/p>\n<p>[\/et_pb_text][\/et_pb_column][\/et_pb_row][et_pb_row column_structure=\u00a0\u00bb1_2,1_2&Prime; _builder_version=\u00a0\u00bb4.4.1&Prime; min_height=\u00a0\u00bb184px\u00a0\u00bb custom_margin=\u00a0\u00bb1px|auto||auto||\u00a0\u00bb custom_padding=\u00a0\u00bb228px|||||\u00a0\u00bb][et_pb_column type=\u00a0\u00bb1_2&Prime; _builder_version=\u00a0\u00bb4.4.1&Prime;][et_pb_image src=\u00a0\u00bbhttp:\/\/la-tour-morillon.fr\/wp-content\/uploads\/2020\/04\/SDT-logo-v2_blanc.png\u00a0\u00bb url=\u00a0\u00bb@ET-DC@eyJkeW5hbWljIjp0cnVlLCJjb250ZW50IjoicG9zdF9saW5rX3VybF9wYWdlIiwic2V0dGluZ3MiOnsicG9zdF9pZCI6IjU5MSJ9fQ==@\u00a0\u00bb align=\u00a0\u00bbcenter\u00a0\u00bb show_bottom_space_tablet=\u00a0\u00bb\u00a0\u00bb show_bottom_space_phone=\u00a0\u00bbon\u00a0\u00bb show_bottom_space_last_edited=\u00a0\u00bbon|phone\u00a0\u00bb align_tablet=\u00a0\u00bb\u00a0\u00bb align_phone=\u00a0\u00bbcenter\u00a0\u00bb align_last_edited=\u00a0\u00bbon|phone\u00a0\u00bb _builder_version=\u00a0\u00bb4.6.5&Prime; _dynamic_attributes=\u00a0\u00bburl\u00a0\u00bb background_color=\u00a0\u00bbrgba(0,0,0,0)\u00a0\u00bb background_enable_image=\u00a0\u00bboff\u00a0\u00bb transform_scale=\u00a0\u00bb90%|90%\u00a0\u00bb z_index=\u00a0\u00bb0&Prime; width=\u00a0\u00bb100%\u00a0\u00bb max_width=\u00a0\u00bb59%\u00a0\u00bb custom_margin=\u00a0\u00bb|125px||125px|false|true\u00a0\u00bb animation_style=\u00a0\u00bbfade\u00a0\u00bb animation_duration=\u00a0\u00bb750ms\u00a0\u00bb hover_transition_duration=\u00a0\u00bb950ms\u00a0\u00bb hover_transition_delay=\u00a0\u00bb50ms\u00a0\u00bb hover_transition_speed_curve=\u00a0\u00bbease-in-out\u00a0\u00bb scroll_fade_enable=\u00a0\u00bbon\u00a0\u00bb scroll_fade=\u00a0\u00bb0|32|50|100|0|100|100&Prime; hover_enabled=\u00a0\u00bb0&Prime; filter_opacity__hover_enabled=\u00a0\u00bboff|desktop\u00a0\u00bb filter_opacity__hover=\u00a0\u00bb0%\u00a0\u00bb transform_styles__hover_enabled=\u00a0\u00bbon|hover\u00a0\u00bb transform_scale__hover_enabled=\u00a0\u00bbon|hover\u00a0\u00bb transform_translate__hover_enabled=\u00a0\u00bbon|desktop\u00a0\u00bb transform_rotate__hover_enabled=\u00a0\u00bbon|desktop\u00a0\u00bb transform_skew__hover_enabled=\u00a0\u00bbon|desktop\u00a0\u00bb transform_origin__hover_enabled=\u00a0\u00bbon|desktop\u00a0\u00bb transform_scale__hover=\u00a0\u00bb100%|100%\u00a0\u00bb background__hover_enabled=\u00a0\u00bbon|hover\u00a0\u00bb parallax__hover=\u00a0\u00bboff\u00a0\u00bb background_enable_image__hover=\u00a0\u00bboff\u00a0\u00bb use_background_color_gradient__hover=\u00a0\u00bboff\u00a0\u00bb background_color_gradient_start__hover=\u00a0\u00bb#2b87da\u00a0\u00bb background_color_gradient_end__hover=\u00a0\u00bb#29c4a9&Prime; background_color__hover=\u00a0\u00bb\u00a0\u00bb background_enable_color__hover=\u00a0\u00bboff\u00a0\u00bb sticky_enabled=\u00a0\u00bb0&Prime; module_alignment=\u00a0\u00bbcenter\u00a0\u00bb][\/et_pb_image][et_pb_text content_tablet=\u00a0\u00bb\u00a0\u00bb content_phone=\u00a0\u00bb\u00a0\u00bb content_last_edited=\u00a0\u00bbon|phone\u00a0\u00bb disabled_on=\u00a0\u00bbon|off|off\u00a0\u00bb _builder_version=\u00a0\u00bb4.6.5&Prime; _dynamic_attributes=\u00a0\u00bblink_option_url\u00a0\u00bb text_font=\u00a0\u00bbOswald|||||on|||\u00a0\u00bb text_text_color=\u00a0\u00bb#ffffff\u00a0\u00bb text_font_size=\u00a0\u00bb25px\u00a0\u00bb text_letter_spacing=\u00a0\u00bb3px\u00a0\u00bb link_option_url=\u00a0\u00bb@ET-DC@eyJkeW5hbWljIjp0cnVlLCJjb250ZW50IjoicG9zdF9saW5rX3VybF9wYWdlIiwic2V0dGluZ3MiOnsicG9zdF9pZCI6IjU5MSJ9fQ==@\u00a0\u00bb scroll_fade_enable=\u00a0\u00bbon\u00a0\u00bb scroll_fade=\u00a0\u00bb0|32|50|100|0|100|100&Prime; hover_enabled=\u00a0\u00bb0&Prime; text_font_size_tablet=\u00a0\u00bb\u00a0\u00bb text_font_size_phone=\u00a0\u00bb22px\u00a0\u00bb text_font_size_last_edited=\u00a0\u00bbon|phone\u00a0\u00bb text_text_shadow_style=\u00a0\u00bbpreset3&Prime; text_text_shadow_blur_strength=\u00a0\u00bb0.66em\u00a0\u00bb sticky_enabled=\u00a0\u00bb0&Prime;]<\/p>\n<p style=\"text-align: center;\">C\u00f4t\u00e9 salon de th\u00e9<\/p>\n<p>[\/et_pb_text][\/et_pb_column][et_pb_column type=\u00a0\u00bb1_2&Prime; _builder_version=\u00a0\u00bb4.4.1&Prime;][et_pb_image src=\u00a0\u00bbhttp:\/\/la-tour-morillon.fr\/wp-content\/uploads\/2020\/05\/Galerie-logo-v2_blanc.png\u00a0\u00bb url=\u00a0\u00bb@ET-DC@eyJkeW5hbWljIjp0cnVlLCJjb250ZW50IjoicG9zdF9saW5rX3VybF9wYWdlIiwic2V0dGluZ3MiOnsicG9zdF9pZCI6IjUxNyJ9fQ==@\u00a0\u00bb align=\u00a0\u00bbcenter\u00a0\u00bb show_bottom_space_tablet=\u00a0\u00bb\u00a0\u00bb show_bottom_space_phone=\u00a0\u00bb\u00a0\u00bb show_bottom_space_last_edited=\u00a0\u00bbon|phone\u00a0\u00bb _builder_version=\u00a0\u00bb4.6.5&Prime; _dynamic_attributes=\u00a0\u00bburl\u00a0\u00bb background_color=\u00a0\u00bbrgba(0,0,0,0)\u00a0\u00bb background_enable_image=\u00a0\u00bboff\u00a0\u00bb transform_scale=\u00a0\u00bb90%|90%\u00a0\u00bb z_index=\u00a0\u00bb0&Prime; width=\u00a0\u00bb100%\u00a0\u00bb max_width=\u00a0\u00bb59%\u00a0\u00bb custom_margin=\u00a0\u00bb|125px||125px|false|true\u00a0\u00bb animation_style=\u00a0\u00bbfade\u00a0\u00bb animation_duration=\u00a0\u00bb750ms\u00a0\u00bb hover_transition_duration=\u00a0\u00bb950ms\u00a0\u00bb hover_transition_delay=\u00a0\u00bb50ms\u00a0\u00bb scroll_fade_enable=\u00a0\u00bbon\u00a0\u00bb scroll_fade=\u00a0\u00bb0|32|50|100|0|100|100&Prime; hover_enabled=\u00a0\u00bb0&Prime; filter_opacity__hover_enabled=\u00a0\u00bboff|desktop\u00a0\u00bb filter_opacity__hover=\u00a0\u00bb0%\u00a0\u00bb transform_styles__hover_enabled=\u00a0\u00bbon|hover\u00a0\u00bb transform_scale__hover_enabled=\u00a0\u00bbon|hover\u00a0\u00bb transform_translate__hover_enabled=\u00a0\u00bbon|desktop\u00a0\u00bb transform_rotate__hover_enabled=\u00a0\u00bbon|desktop\u00a0\u00bb transform_skew__hover_enabled=\u00a0\u00bbon|desktop\u00a0\u00bb transform_origin__hover_enabled=\u00a0\u00bbon|desktop\u00a0\u00bb transform_scale__hover=\u00a0\u00bb100%|100%\u00a0\u00bb background__hover_enabled=\u00a0\u00bbon|hover\u00a0\u00bb parallax__hover=\u00a0\u00bboff\u00a0\u00bb background_enable_image__hover=\u00a0\u00bboff\u00a0\u00bb use_background_color_gradient__hover=\u00a0\u00bboff\u00a0\u00bb background_color_gradient_start__hover=\u00a0\u00bb#2b87da\u00a0\u00bb background_color_gradient_end__hover=\u00a0\u00bb#29c4a9&Prime; background_color__hover=\u00a0\u00bb\u00a0\u00bb background_enable_color__hover=\u00a0\u00bboff\u00a0\u00bb module_alignment=\u00a0\u00bbcenter\u00a0\u00bb sticky_enabled=\u00a0\u00bb0&Prime;][\/et_pb_image][et_pb_text content_tablet=\u00a0\u00bb\u00a0\u00bb content_phone=\u00a0\u00bb\u00a0\u00bb content_last_edited=\u00a0\u00bbon|phone\u00a0\u00bb disabled_on=\u00a0\u00bbon|off|off\u00a0\u00bb _builder_version=\u00a0\u00bb4.6.5&Prime; _dynamic_attributes=\u00a0\u00bblink_option_url\u00a0\u00bb text_font=\u00a0\u00bbOswald|||||on|||\u00a0\u00bb text_text_color=\u00a0\u00bb#ffffff\u00a0\u00bb text_font_size=\u00a0\u00bb25px\u00a0\u00bb text_letter_spacing=\u00a0\u00bb3px\u00a0\u00bb link_option_url=\u00a0\u00bb@ET-DC@eyJkeW5hbWljIjp0cnVlLCJjb250ZW50IjoicG9zdF9saW5rX3VybF9wYWdlIiwic2V0dGluZ3MiOnsicG9zdF9pZCI6IjUxNyJ9fQ==@\u00a0\u00bb scroll_fade_enable=\u00a0\u00bbon\u00a0\u00bb scroll_fade=\u00a0\u00bb0|32|50|100|0|100|100&Prime; hover_enabled=\u00a0\u00bb0&Prime; text_font_size_tablet=\u00a0\u00bb\u00a0\u00bb text_font_size_phone=\u00a0\u00bb22px\u00a0\u00bb text_font_size_last_edited=\u00a0\u00bbon|phone\u00a0\u00bb text_text_shadow_style=\u00a0\u00bbpreset3&Prime; text_text_shadow_blur_strength=\u00a0\u00bb0.66em\u00a0\u00bb sticky_enabled=\u00a0\u00bb0&Prime;]<\/p>\n<p style=\"text-align: center;\">C\u00f4t\u00e9 galerie<\/p>\n<p>[\/et_pb_text][\/et_pb_column][\/et_pb_row][\/et_pb_section]<\/p>\n","protected":false},"excerpt":{"rendered":"<p>La Tour Morillon11 rue de la tour &#8211; Saint-Amand-Montrond\u2193C\u00f4t\u00e9 salon de th\u00e9C\u00f4t\u00e9 galerie<\/p>\n","protected":false},"author":1,"featured_media":0,"parent":0,"menu_order":1,"comment_status":"closed","ping_status":"closed","template":"page-template-blank.php","meta":{"_et_pb_use_builder":"on","_et_pb_old_content":"","_et_gb_content_width":"","footnotes":""},"tags":[],"class_list":["post-438","page","type-page","status-publish","hentry"],"yoast_head":"<!-- This site is optimized with the Yoast SEO plugin v25.2 - https:\/\/yoast.com\/wordpress\/plugins\/seo\/ -->\n<title>ACCUEIL - La tour Morillon<\/title>\n<meta name=\"description\" content=\"Bienvenue sur le site de la Tour Morillon, salon de th\u00e9 et galerie.\" \/>\n<meta name=\"robots\" content=\"index, follow, max-snippet:-1, max-image-preview:large, max-video-preview:-1\" \/>\n<link rel=\"canonical\" href=\"https:\/\/la-tour-morillon.fr\/\" \/>\n<meta property=\"og:locale\" content=\"fr_FR\" \/>\n<meta property=\"og:type\" content=\"article\" \/>\n<meta property=\"og:title\" content=\"ACCUEIL - La tour Morillon\" \/>\n<meta property=\"og:description\" content=\"Bienvenue sur le site de la Tour Morillon, salon de th\u00e9 et galerie.\" \/>\n<meta property=\"og:url\" content=\"https:\/\/la-tour-morillon.fr\/\" \/>\n<meta property=\"og:site_name\" content=\"La tour Morillon\" \/>\n<meta property=\"article:publisher\" content=\"https:\/\/www.facebook.com\/latourmorillon\/\" \/>\n<meta property=\"article:modified_time\" content=\"2025-08-23T13:59:24+00:00\" \/>\n<meta name=\"twitter:card\" content=\"summary_large_image\" \/>\n<meta name=\"twitter:label1\" content=\"Dur\u00e9e de lecture estim\u00e9e\" \/>\n\t<meta name=\"twitter:data1\" content=\"5 minutes\" \/>\n<script type=\"application\/ld+json\" class=\"yoast-schema-graph\">{\"@context\":\"https:\/\/schema.org\",\"@graph\":[{\"@type\":\"WebPage\",\"@id\":\"https:\/\/la-tour-morillon.fr\/\",\"url\":\"https:\/\/la-tour-morillon.fr\/\",\"name\":\"ACCUEIL - La tour Morillon\",\"isPartOf\":{\"@id\":\"https:\/\/la-tour-morillon.fr\/#website\"},\"datePublished\":\"2020-04-03T16:21:55+00:00\",\"dateModified\":\"2025-08-23T13:59:24+00:00\",\"description\":\"Bienvenue sur le site de la Tour Morillon, salon de th\u00e9 et galerie.\",\"breadcrumb\":{\"@id\":\"https:\/\/la-tour-morillon.fr\/#breadcrumb\"},\"inLanguage\":\"fr-FR\",\"potentialAction\":[{\"@type\":\"ReadAction\",\"target\":[\"https:\/\/la-tour-morillon.fr\/\"]}]},{\"@type\":\"BreadcrumbList\",\"@id\":\"https:\/\/la-tour-morillon.fr\/#breadcrumb\",\"itemListElement\":[{\"@type\":\"ListItem\",\"position\":1,\"name\":\"Accueil\",\"item\":\"https:\/\/la-tour-morillon.fr\/\"},{\"@type\":\"ListItem\",\"position\":2,\"name\":\"ACCUEIL\"}]},{\"@type\":\"WebSite\",\"@id\":\"https:\/\/la-tour-morillon.fr\/#website\",\"url\":\"https:\/\/la-tour-morillon.fr\/\",\"name\":\"La tour Morillon\",\"description\":\"Salon de th\u00e9 \u00e0 Saint-Amand-Montrond\",\"publisher\":{\"@id\":\"https:\/\/la-tour-morillon.fr\/#organization\"},\"potentialAction\":[{\"@type\":\"SearchAction\",\"target\":{\"@type\":\"EntryPoint\",\"urlTemplate\":\"https:\/\/la-tour-morillon.fr\/?s={search_term_string}\"},\"query-input\":{\"@type\":\"PropertyValueSpecification\",\"valueRequired\":true,\"valueName\":\"search_term_string\"}}],\"inLanguage\":\"fr-FR\"},{\"@type\":\"Organization\",\"@id\":\"https:\/\/la-tour-morillon.fr\/#organization\",\"name\":\"Association La Tour Morillon\",\"url\":\"https:\/\/la-tour-morillon.fr\/\",\"logo\":{\"@type\":\"ImageObject\",\"inLanguage\":\"fr-FR\",\"@id\":\"https:\/\/la-tour-morillon.fr\/#\/schema\/logo\/image\/\",\"url\":\"https:\/\/la-tour-morillon.fr\/wp-content\/uploads\/2019\/03\/SDT-logo-noir.png\",\"contentUrl\":\"https:\/\/la-tour-morillon.fr\/wp-content\/uploads\/2019\/03\/SDT-logo-noir.png\",\"width\":1592,\"height\":1592,\"caption\":\"Association La Tour Morillon\"},\"image\":{\"@id\":\"https:\/\/la-tour-morillon.fr\/#\/schema\/logo\/image\/\"},\"sameAs\":[\"https:\/\/www.facebook.com\/latourmorillon\/\"]}]}<\/script>\n<!-- \/ Yoast SEO plugin. -->","yoast_head_json":{"title":"ACCUEIL - La tour Morillon","description":"Bienvenue sur le site de la Tour Morillon, salon de th\u00e9 et galerie.","robots":{"index":"index","follow":"follow","max-snippet":"max-snippet:-1","max-image-preview":"max-image-preview:large","max-video-preview":"max-video-preview:-1"},"canonical":"https:\/\/la-tour-morillon.fr\/","og_locale":"fr_FR","og_type":"article","og_title":"ACCUEIL - La tour Morillon","og_description":"Bienvenue sur le site de la Tour Morillon, salon de th\u00e9 et galerie.","og_url":"https:\/\/la-tour-morillon.fr\/","og_site_name":"La tour Morillon","article_publisher":"https:\/\/www.facebook.com\/latourmorillon\/","article_modified_time":"2025-08-23T13:59:24+00:00","twitter_card":"summary_large_image","twitter_misc":{"Dur\u00e9e de lecture estim\u00e9e":"5 minutes"},"schema":{"@context":"https:\/\/schema.org","@graph":[{"@type":"WebPage","@id":"https:\/\/la-tour-morillon.fr\/","url":"https:\/\/la-tour-morillon.fr\/","name":"ACCUEIL - La tour Morillon","isPartOf":{"@id":"https:\/\/la-tour-morillon.fr\/#website"},"datePublished":"2020-04-03T16:21:55+00:00","dateModified":"2025-08-23T13:59:24+00:00","description":"Bienvenue sur le site de la Tour Morillon, salon de th\u00e9 et galerie.","breadcrumb":{"@id":"https:\/\/la-tour-morillon.fr\/#breadcrumb"},"inLanguage":"fr-FR","potentialAction":[{"@type":"ReadAction","target":["https:\/\/la-tour-morillon.fr\/"]}]},{"@type":"BreadcrumbList","@id":"https:\/\/la-tour-morillon.fr\/#breadcrumb","itemListElement":[{"@type":"ListItem","position":1,"name":"Accueil","item":"https:\/\/la-tour-morillon.fr\/"},{"@type":"ListItem","position":2,"name":"ACCUEIL"}]},{"@type":"WebSite","@id":"https:\/\/la-tour-morillon.fr\/#website","url":"https:\/\/la-tour-morillon.fr\/","name":"La tour Morillon","description":"Salon de th\u00e9 \u00e0 Saint-Amand-Montrond","publisher":{"@id":"https:\/\/la-tour-morillon.fr\/#organization"},"potentialAction":[{"@type":"SearchAction","target":{"@type":"EntryPoint","urlTemplate":"https:\/\/la-tour-morillon.fr\/?s={search_term_string}"},"query-input":{"@type":"PropertyValueSpecification","valueRequired":true,"valueName":"search_term_string"}}],"inLanguage":"fr-FR"},{"@type":"Organization","@id":"https:\/\/la-tour-morillon.fr\/#organization","name":"Association La Tour Morillon","url":"https:\/\/la-tour-morillon.fr\/","logo":{"@type":"ImageObject","inLanguage":"fr-FR","@id":"https:\/\/la-tour-morillon.fr\/#\/schema\/logo\/image\/","url":"https:\/\/la-tour-morillon.fr\/wp-content\/uploads\/2019\/03\/SDT-logo-noir.png","contentUrl":"https:\/\/la-tour-morillon.fr\/wp-content\/uploads\/2019\/03\/SDT-logo-noir.png","width":1592,"height":1592,"caption":"Association La Tour Morillon"},"image":{"@id":"https:\/\/la-tour-morillon.fr\/#\/schema\/logo\/image\/"},"sameAs":["https:\/\/www.facebook.com\/latourmorillon\/"]}]}},"_links":{"self":[{"href":"https:\/\/la-tour-morillon.fr\/index.php\/wp-json\/wp\/v2\/pages\/438","targetHints":{"allow":["GET"]}}],"collection":[{"href":"https:\/\/la-tour-morillon.fr\/index.php\/wp-json\/wp\/v2\/pages"}],"about":[{"href":"https:\/\/la-tour-morillon.fr\/index.php\/wp-json\/wp\/v2\/types\/page"}],"author":[{"embeddable":true,"href":"https:\/\/la-tour-morillon.fr\/index.php\/wp-json\/wp\/v2\/users\/1"}],"replies":[{"embeddable":true,"href":"https:\/\/la-tour-morillon.fr\/index.php\/wp-json\/wp\/v2\/comments?post=438"}],"version-history":[{"count":32,"href":"https:\/\/la-tour-morillon.fr\/index.php\/wp-json\/wp\/v2\/pages\/438\/revisions"}],"predecessor-version":[{"id":1601,"href":"https:\/\/la-tour-morillon.fr\/index.php\/wp-json\/wp\/v2\/pages\/438\/revisions\/1601"}],"wp:attachment":[{"href":"https:\/\/la-tour-morillon.fr\/index.php\/wp-json\/wp\/v2\/media?parent=438"}],"wp:term":[{"taxonomy":"post_tag","embeddable":true,"href":"https:\/\/la-tour-morillon.fr\/index.php\/wp-json\/wp\/v2\/tags?post=438"}],"curies":[{"name":"wp","href":"https:\/\/api.w.org\/{rel}","templated":true}]}}