{"id":569,"date":"2020-04-04T15:25:15","date_gmt":"2020-04-04T13:25:15","guid":{"rendered":"http:\/\/la-tour-morillon.fr\/?page_id=569"},"modified":"2025-08-23T16:27:47","modified_gmt":"2025-08-23T14:27:47","slug":"actualites-2","status":"publish","type":"page","link":"https:\/\/la-tour-morillon.fr\/index.php\/accueil-2\/accueil-sdt\/actualites-2\/","title":{"rendered":"Actualit\u00e9s"},"content":{"rendered":"<p>[et_pb_section fb_built=\u00a0\u00bb1&Prime; fullwidth=\u00a0\u00bbon\u00a0\u00bb disabled_on=\u00a0\u00bboff|off|off\u00a0\u00bb admin_label=\u00a0\u00bbHero\u00a0\u00bb _builder_version=\u00a0\u00bb4.16&Prime; background_color=\u00a0\u00bb#1f1f1f\u00a0\u00bb parallax=\u00a0\u00bbon\u00a0\u00bb custom_padding=\u00a0\u00bb|||\u00a0\u00bb transparent_background=\u00a0\u00bbon\u00a0\u00bb global_colors_info=\u00a0\u00bb{}\u00a0\u00bb][et_pb_fullwidth_header title=\u00a0\u00bbActualit\u00e9s\u00a0\u00bb text_orientation=\u00a0\u00bbcenter\u00a0\u00bb background_overlay_color=\u00a0\u00bbrgba(31,31,31,0.53)\u00a0\u00bb subhead_font_color=\u00a0\u00bb#bebebe\u00a0\u00bb title_tablet=\u00a0\u00bb\u00a0\u00bb title_phone=\u00a0\u00bbActualit\u00e9s\u00a0\u00bb title_last_edited=\u00a0\u00bbon|phone\u00a0\u00bb _builder_version=\u00a0\u00bb4.16&Prime; title_font=\u00a0\u00bbIM Fell English||||||||\u00a0\u00bb title_text_align=\u00a0\u00bbcenter\u00a0\u00bb title_text_color=\u00a0\u00bb#ffffff\u00a0\u00bb title_font_size=\u00a0\u00bb72px\u00a0\u00bb title_line_height=\u00a0\u00bb1.3em\u00a0\u00bb content_font=\u00a0\u00bbMontserrat||||\u00a0\u00bb content_text_color=\u00a0\u00bb#bfbfbf\u00a0\u00bb content_font_size=\u00a0\u00bb19px\u00a0\u00bb content_line_height=\u00a0\u00bb1.8em\u00a0\u00bb subhead_font=\u00a0\u00bbMontserrat||||\u00a0\u00bb subhead_text_color=\u00a0\u00bb#bebebe\u00a0\u00bb subhead_line_height=\u00a0\u00bb1.8em\u00a0\u00bb background_color=\u00a0\u00bbrgba(255,255,255,0)\u00a0\u00bb background_image=\u00a0\u00bbhttp:\/\/la-tour-morillon.fr\/wp-content\/uploads\/2020\/04\/IMG_8111.jpg\u00a0\u00bb custom_padding=\u00a0\u00bb15%||5%||false|false\u00a0\u00bb custom_padding_tablet=\u00a0\u00bb\u00a0\u00bb custom_padding_phone=\u00a0\u00bb25%|15px|5%||false|false\u00a0\u00bb custom_padding_last_edited=\u00a0\u00bbon|phone\u00a0\u00bb animation_style=\u00a0\u00bbzoom\u00a0\u00bb animation_duration=\u00a0\u00bb1500ms\u00a0\u00bb animation_intensity_zoom=\u00a0\u00bb4%\u00a0\u00bb title_text_align_tablet=\u00a0\u00bbcenter\u00a0\u00bb title_text_align_phone=\u00a0\u00bbcenter\u00a0\u00bb title_text_align_last_edited=\u00a0\u00bbon|desktop\u00a0\u00bb title_font_size_tablet=\u00a0\u00bb\u00a0\u00bb title_font_size_phone=\u00a0\u00bb60px\u00a0\u00bb title_font_size_last_edited=\u00a0\u00bbon|phone\u00a0\u00bb title_line_height_last_edited=\u00a0\u00bboff|desktop\u00a0\u00bb global_colors_info=\u00a0\u00bb{}\u00a0\u00bb button_one_text_size__hover_enabled=\u00a0\u00bboff\u00a0\u00bb button_two_text_size__hover_enabled=\u00a0\u00bboff\u00a0\u00bb button_one_text_color__hover_enabled=\u00a0\u00bboff\u00a0\u00bb button_two_text_color__hover_enabled=\u00a0\u00bboff\u00a0\u00bb button_one_border_width__hover_enabled=\u00a0\u00bboff\u00a0\u00bb button_two_border_width__hover_enabled=\u00a0\u00bboff\u00a0\u00bb button_one_border_color__hover_enabled=\u00a0\u00bboff\u00a0\u00bb button_two_border_color__hover_enabled=\u00a0\u00bboff\u00a0\u00bb button_one_border_radius__hover_enabled=\u00a0\u00bboff\u00a0\u00bb button_two_border_radius__hover_enabled=\u00a0\u00bboff\u00a0\u00bb button_one_letter_spacing__hover_enabled=\u00a0\u00bboff\u00a0\u00bb button_two_letter_spacing__hover_enabled=\u00a0\u00bboff\u00a0\u00bb button_one_bg_color__hover_enabled=\u00a0\u00bboff\u00a0\u00bb button_two_bg_color__hover_enabled=\u00a0\u00bboff\u00a0\u00bb][\/et_pb_fullwidth_header][\/et_pb_section][et_pb_section fb_built=\u00a0\u00bb1&Prime; fullwidth=\u00a0\u00bbon\u00a0\u00bb _builder_version=\u00a0\u00bb4.16&Prime; positioning=\u00a0\u00bbfixed\u00a0\u00bb position_origin_f=\u00a0\u00bbtop_center\u00a0\u00bb horizontal_offset=\u00a0\u00bb0px\u00a0\u00bb z_index=\u00a0\u00bb500&Prime; locked=\u00a0\u00bboff\u00a0\u00bb global_colors_info=\u00a0\u00bb{}\u00a0\u00bb][et_pb_fullwidth_menu menu_id=\u00a0\u00bb21&Prime; fullwidth_menu=\u00a0\u00bboff\u00a0\u00bb logo=\u00a0\u00bbhttp:\/\/la-tour-morillon.fr\/wp-content\/uploads\/2019\/03\/SDT-logo-noir-150&#215;150.png\u00a0\u00bb logo_url=\u00a0\u00bb@ET-DC@eyJkeW5hbWljIjp0cnVlLCJjb250ZW50IjoicG9zdF9saW5rX3VybF9wYWdlIiwic2V0dGluZ3MiOnsicG9zdF9pZCI6IjU5MSJ9fQ==@\u00a0\u00bb logo_max_width=\u00a0\u00bb55%\u00a0\u00bb logo_max_height=\u00a0\u00bb64px\u00a0\u00bb menu_icon_color=\u00a0\u00bb#ffffff\u00a0\u00bb _builder_version=\u00a0\u00bb4.16&Prime; _dynamic_attributes=\u00a0\u00bblogo_url\u00a0\u00bb menu_font=\u00a0\u00bbPlayfair Display|700|||||||\u00a0\u00bb menu_text_color=\u00a0\u00bb#ffffff\u00a0\u00bb menu_font_size=\u00a0\u00bb18px\u00a0\u00bb menu_letter_spacing=\u00a0\u00bb3px\u00a0\u00bb background_color=\u00a0\u00bb#757f6b\u00a0\u00bb text_orientation=\u00a0\u00bbcenter\u00a0\u00bb module_alignment=\u00a0\u00bbcenter\u00a0\u00bb custom_margin=\u00a0\u00bb0px||0px||false|false\u00a0\u00bb custom_padding=\u00a0\u00bb2px||2px|0px|false|false\u00a0\u00bb child_filter_invert=\u00a0\u00bb100%\u00a0\u00bb global_colors_info=\u00a0\u00bb{}\u00a0\u00bb][\/et_pb_fullwidth_menu][\/et_pb_section][et_pb_section fb_built=\u00a0\u00bb1&Prime; admin_label=\u00a0\u00bbBlog\u00a0\u00bb _builder_version=\u00a0\u00bb4.16&Prime; background_color=\u00a0\u00bbrgba(0,0,0,0.03)\u00a0\u00bb background_size=\u00a0\u00bbinitial\u00a0\u00bb background_position=\u00a0\u00bbtop_left\u00a0\u00bb custom_padding=\u00a0\u00bb100px|0px|100px|0px\u00a0\u00bb animation_style=\u00a0\u00bbfade\u00a0\u00bb collapsed=\u00a0\u00bboff\u00a0\u00bb global_colors_info=\u00a0\u00bb{}\u00a0\u00bb][et_pb_row use_custom_gutter=\u00a0\u00bbon\u00a0\u00bb _builder_version=\u00a0\u00bb4.16&Prime; background_size=\u00a0\u00bbinitial\u00a0\u00bb background_position=\u00a0\u00bbtop_left\u00a0\u00bb background_repeat=\u00a0\u00bbrepeat\u00a0\u00bb max_width=\u00a0\u00bb1280px\u00a0\u00bb custom_margin=\u00a0\u00bb|||\u00a0\u00bb custom_padding=\u00a0\u00bb|||\u00a0\u00bb use_custom_width=\u00a0\u00bbon\u00a0\u00bb custom_width_px=\u00a0\u00bb1280px\u00a0\u00bb global_colors_info=\u00a0\u00bb{}\u00a0\u00bb][et_pb_column type=\u00a0\u00bb4_4&Prime; _builder_version=\u00a0\u00bb4.16&Prime; background_position=\u00a0\u00bbtop_left\u00a0\u00bb custom_padding=\u00a0\u00bb|||\u00a0\u00bb global_colors_info=\u00a0\u00bb{}\u00a0\u00bb custom_padding__hover=\u00a0\u00bb|||\u00a0\u00bb][et_pb_blog fullwidth=\u00a0\u00bboff\u00a0\u00bb posts_number=\u00a0\u00bb9&Prime; include_categories=\u00a0\u00bb25&Prime; show_author=\u00a0\u00bboff\u00a0\u00bb show_categories=\u00a0\u00bboff\u00a0\u00bb show_pagination=\u00a0\u00bboff\u00a0\u00bb _builder_version=\u00a0\u00bb4.16&Prime; header_level=\u00a0\u00bbh1&Prime; header_font=\u00a0\u00bbPlayfair Display|700|||||||\u00a0\u00bb header_text_align=\u00a0\u00bbcenter\u00a0\u00bb header_text_color=\u00a0\u00bbrgba(175,150,102,0.58)\u00a0\u00bb header_font_size=\u00a0\u00bb19px\u00a0\u00bb header_letter_spacing=\u00a0\u00bb1px\u00a0\u00bb header_line_height=\u00a0\u00bb1.6em\u00a0\u00bb body_font=\u00a0\u00bbCormorant Garamond||||||||\u00a0\u00bb body_text_color=\u00a0\u00bb#999999&Prime; body_font_size=\u00a0\u00bb15px\u00a0\u00bb meta_font=\u00a0\u00bbMontserrat|on||on|\u00a0\u00bb meta_text_color=\u00a0\u00bb#757f6b\u00a0\u00bb meta_font_size=\u00a0\u00bb11px\u00a0\u00bb meta_letter_spacing=\u00a0\u00bb2px\u00a0\u00bb meta_line_height=\u00a0\u00bb1.9em\u00a0\u00bb read_more_font=\u00a0\u00bb|600|on||||||\u00a0\u00bb read_more_text_color=\u00a0\u00bbrgba(109,153,88,0.58)\u00a0\u00bb read_more_font_size=\u00a0\u00bb16px\u00a0\u00bb read_more_letter_spacing=\u00a0\u00bb2px\u00a0\u00bb read_more_line_height=\u00a0\u00bb2.4em\u00a0\u00bb pagination_font=\u00a0\u00bbMontserrat||||\u00a0\u00bb pagination_text_color=\u00a0\u00bb#c39d63&Prime; border_width_all=\u00a0\u00bb0px\u00a0\u00bb border_color_all=\u00a0\u00bb#d8d8d8&Prime; border_style_all=\u00a0\u00bbsolid\u00a0\u00bb border_width_all_fullwidth=\u00a0\u00bb0px\u00a0\u00bb border_color_all_fullwidth=\u00a0\u00bb#d8d8d8&Prime; border_style_all_fullwidth=\u00a0\u00bbsolid\u00a0\u00bb box_shadow_style_image=\u00a0\u00bbpreset1&Prime; use_border_color=\u00a0\u00bbon\u00a0\u00bb border_width=\u00a0\u00bb0px\u00a0\u00bb global_colors_info=\u00a0\u00bb{}\u00a0\u00bb][\/et_pb_blog][\/et_pb_column][\/et_pb_row][\/et_pb_section][et_pb_section fb_built=\u00a0\u00bb1&Prime; _builder_version=\u00a0\u00bb4.16&Prime; background_color=\u00a0\u00bb#757f6b\u00a0\u00bb min_height=\u00a0\u00bb171px\u00a0\u00bb locked=\u00a0\u00bboff\u00a0\u00bb global_colors_info=\u00a0\u00bb{}\u00a0\u00bb][et_pb_row column_structure=\u00a0\u00bb1_4,1_4,1_4,1_4&Prime; _builder_version=\u00a0\u00bb4.16&Prime; global_colors_info=\u00a0\u00bb{}\u00a0\u00bb][et_pb_column type=\u00a0\u00bb1_4&Prime; _builder_version=\u00a0\u00bb4.16&Prime; global_colors_info=\u00a0\u00bb{}\u00a0\u00bb][et_pb_text _builder_version=\u00a0\u00bb4.16&Prime; text_text_color=\u00a0\u00bb#ffffff\u00a0\u00bb header_text_color=\u00a0\u00bb#ffffff\u00a0\u00bb border_width_right=\u00a0\u00bb1px\u00a0\u00bb border_color_right=\u00a0\u00bb#ffffff\u00a0\u00bb global_colors_info=\u00a0\u00bb{}\u00a0\u00bb]<\/p>\n<h1>Nous rejoindre<\/h1>\n<p><span>11, rue de la Tour<\/span><br \/> <span>18200, Saint-Amand-Montrond<\/span><\/p>\n<p>[\/et_pb_text][\/et_pb_column][et_pb_column type=\u00a0\u00bb1_4&Prime; _builder_version=\u00a0\u00bb4.16&Prime; global_colors_info=\u00a0\u00bb{}\u00a0\u00bb][et_pb_text _builder_version=\u00a0\u00bb4.16&Prime; text_text_color=\u00a0\u00bb#ffffff\u00a0\u00bb header_text_color=\u00a0\u00bb#ffffff\u00a0\u00bb border_width_right=\u00a0\u00bb1px\u00a0\u00bb border_color_right=\u00a0\u00bb#ffffff\u00a0\u00bb global_colors_info=\u00a0\u00bb{}\u00a0\u00bb]<\/p>\n<h1>Contact<\/h1>\n<p><a href=\"mailto:tourmorillon@gmail.com\">tourmorillon@gmail.com<\/a><br \/> 02.48.96.74.80<\/p>\n<p>[\/et_pb_text][\/et_pb_column][et_pb_column type=\u00a0\u00bb1_4&Prime; _builder_version=\u00a0\u00bb4.16&Prime; global_colors_info=\u00a0\u00bb{}\u00a0\u00bb][et_pb_text _builder_version=\u00a0\u00bb4.16&Prime; text_text_color=\u00a0\u00bb#ffffff\u00a0\u00bb header_text_color=\u00a0\u00bb#ffffff\u00a0\u00bb custom_margin=\u00a0\u00bb|-13px||||\u00a0\u00bb global_colors_info=\u00a0\u00bb{}\u00a0\u00bb]<\/p>\n<h1>Horaires d&rsquo;ouverture de la galerie<\/h1>\n<p>Du jeudi au samedi : 15h00 \u2013 18h30<br \/>Du dimanche au mercredi : ferm\u00e9<\/p>\n<p>[\/et_pb_text][\/et_pb_column][et_pb_column type=\u00a0\u00bb1_4&Prime; _builder_version=\u00a0\u00bb4.16&Prime; global_colors_info=\u00a0\u00bb{}\u00a0\u00bb][et_pb_image src=\u00a0\u00bbhttp:\/\/la-tour-morillon.fr\/wp-content\/uploads\/2019\/03\/SDT-logo-noir-150&#215;150.png\u00a0\u00bb _builder_version=\u00a0\u00bb4.16&Prime; filter_invert=\u00a0\u00bb100%\u00a0\u00bb global_colors_info=\u00a0\u00bb{}\u00a0\u00bb][\/et_pb_image][\/et_pb_column][\/et_pb_row][\/et_pb_section]<\/p>\n","protected":false},"excerpt":{"rendered":"<p>Nous rejoindre 11, rue de la Tour 18200, Saint-Amand-MontrondContact tourmorillon@gmail.com 02.48.96.74.80Horaires d&rsquo;ouverture de la galerie Du jeudi au samedi : 15h00 \u2013 18h30Du dimanche au mercredi : ferm\u00e9<\/p>\n","protected":false},"author":1,"featured_media":0,"parent":591,"menu_order":5,"comment_status":"closed","ping_status":"closed","template":"page-template-blank.php","meta":{"_et_pb_use_builder":"on","_et_pb_old_content":"","_et_gb_content_width":"","footnotes":""},"tags":[4],"class_list":["post-569","page","type-page","status-publish","hentry","tag-salon-de-the"],"yoast_head":"<!-- This site is optimized with the Yoast SEO plugin v25.2 - https:\/\/yoast.com\/wordpress\/plugins\/seo\/ -->\n<title>Actualit\u00e9s - La tour Morillon<\/title>\n<meta name=\"description\" content=\"Un changement d&#039;horaires ? Une animation \u00e0 venir ? Retrouvez toutes les actualit\u00e9s du salon de th\u00e9 La tour Morillon sur cette page !\" \/>\n<meta name=\"robots\" content=\"index, follow, max-snippet:-1, max-image-preview:large, max-video-preview:-1\" \/>\n<link rel=\"canonical\" href=\"https:\/\/la-tour-morillon.fr\/index.php\/accueil-2\/accueil-sdt\/actualites-2\/\" \/>\n<meta property=\"og:locale\" content=\"fr_FR\" \/>\n<meta property=\"og:type\" content=\"article\" \/>\n<meta property=\"og:title\" content=\"Actualit\u00e9s - La tour Morillon\" \/>\n<meta property=\"og:description\" content=\"Un changement d&#039;horaires ? Une animation \u00e0 venir ? Retrouvez toutes les actualit\u00e9s du salon de th\u00e9 La tour Morillon sur cette page !\" \/>\n<meta property=\"og:url\" content=\"https:\/\/la-tour-morillon.fr\/index.php\/accueil-2\/accueil-sdt\/actualites-2\/\" \/>\n<meta property=\"og:site_name\" content=\"La tour Morillon\" \/>\n<meta property=\"article:publisher\" content=\"https:\/\/www.facebook.com\/latourmorillon\/\" \/>\n<meta property=\"article:modified_time\" content=\"2025-08-23T14:27:47+00:00\" \/>\n<meta name=\"twitter:card\" content=\"summary_large_image\" \/>\n<meta name=\"twitter:label1\" content=\"Dur\u00e9e de lecture estim\u00e9e\" \/>\n\t<meta name=\"twitter:data1\" content=\"5 minutes\" \/>\n<script type=\"application\/ld+json\" class=\"yoast-schema-graph\">{\"@context\":\"https:\/\/schema.org\",\"@graph\":[{\"@type\":\"WebPage\",\"@id\":\"https:\/\/la-tour-morillon.fr\/index.php\/accueil-2\/accueil-sdt\/actualites-2\/\",\"url\":\"https:\/\/la-tour-morillon.fr\/index.php\/accueil-2\/accueil-sdt\/actualites-2\/\",\"name\":\"Actualit\u00e9s - La tour Morillon\",\"isPartOf\":{\"@id\":\"https:\/\/la-tour-morillon.fr\/#website\"},\"datePublished\":\"2020-04-04T13:25:15+00:00\",\"dateModified\":\"2025-08-23T14:27:47+00:00\",\"description\":\"Un changement d'horaires ? Une animation \u00e0 venir ? Retrouvez toutes les actualit\u00e9s du salon de th\u00e9 La tour Morillon sur cette page !\",\"breadcrumb\":{\"@id\":\"https:\/\/la-tour-morillon.fr\/index.php\/accueil-2\/accueil-sdt\/actualites-2\/#breadcrumb\"},\"inLanguage\":\"fr-FR\",\"potentialAction\":[{\"@type\":\"ReadAction\",\"target\":[\"https:\/\/la-tour-morillon.fr\/index.php\/accueil-2\/accueil-sdt\/actualites-2\/\"]}]},{\"@type\":\"BreadcrumbList\",\"@id\":\"https:\/\/la-tour-morillon.fr\/index.php\/accueil-2\/accueil-sdt\/actualites-2\/#breadcrumb\",\"itemListElement\":[{\"@type\":\"ListItem\",\"position\":1,\"name\":\"Accueil\",\"item\":\"https:\/\/la-tour-morillon.fr\/\"},{\"@type\":\"ListItem\",\"position\":2,\"name\":\"ACCUEIL\",\"item\":\"https:\/\/la-tour-morillon.fr\/\"},{\"@type\":\"ListItem\",\"position\":3,\"name\":\"Accueil SDT\",\"item\":\"https:\/\/la-tour-morillon.fr\/index.php\/accueil-2\/accueil-sdt\/\"},{\"@type\":\"ListItem\",\"position\":4,\"name\":\"Actualit\u00e9s\"}]},{\"@type\":\"WebSite\",\"@id\":\"https:\/\/la-tour-morillon.fr\/#website\",\"url\":\"https:\/\/la-tour-morillon.fr\/\",\"name\":\"La tour Morillon\",\"description\":\"Salon de th\u00e9 \u00e0 Saint-Amand-Montrond\",\"publisher\":{\"@id\":\"https:\/\/la-tour-morillon.fr\/#organization\"},\"potentialAction\":[{\"@type\":\"SearchAction\",\"target\":{\"@type\":\"EntryPoint\",\"urlTemplate\":\"https:\/\/la-tour-morillon.fr\/?s={search_term_string}\"},\"query-input\":{\"@type\":\"PropertyValueSpecification\",\"valueRequired\":true,\"valueName\":\"search_term_string\"}}],\"inLanguage\":\"fr-FR\"},{\"@type\":\"Organization\",\"@id\":\"https:\/\/la-tour-morillon.fr\/#organization\",\"name\":\"Association La Tour Morillon\",\"url\":\"https:\/\/la-tour-morillon.fr\/\",\"logo\":{\"@type\":\"ImageObject\",\"inLanguage\":\"fr-FR\",\"@id\":\"https:\/\/la-tour-morillon.fr\/#\/schema\/logo\/image\/\",\"url\":\"https:\/\/la-tour-morillon.fr\/wp-content\/uploads\/2019\/03\/SDT-logo-noir.png\",\"contentUrl\":\"https:\/\/la-tour-morillon.fr\/wp-content\/uploads\/2019\/03\/SDT-logo-noir.png\",\"width\":1592,\"height\":1592,\"caption\":\"Association La Tour Morillon\"},\"image\":{\"@id\":\"https:\/\/la-tour-morillon.fr\/#\/schema\/logo\/image\/\"},\"sameAs\":[\"https:\/\/www.facebook.com\/latourmorillon\/\"]}]}<\/script>\n<!-- \/ Yoast SEO plugin. -->","yoast_head_json":{"title":"Actualit\u00e9s - La tour Morillon","description":"Un changement d'horaires ? Une animation \u00e0 venir ? Retrouvez toutes les actualit\u00e9s du salon de th\u00e9 La tour Morillon sur cette page !","robots":{"index":"index","follow":"follow","max-snippet":"max-snippet:-1","max-image-preview":"max-image-preview:large","max-video-preview":"max-video-preview:-1"},"canonical":"https:\/\/la-tour-morillon.fr\/index.php\/accueil-2\/accueil-sdt\/actualites-2\/","og_locale":"fr_FR","og_type":"article","og_title":"Actualit\u00e9s - La tour Morillon","og_description":"Un changement d'horaires ? Une animation \u00e0 venir ? Retrouvez toutes les actualit\u00e9s du salon de th\u00e9 La tour Morillon sur cette page !","og_url":"https:\/\/la-tour-morillon.fr\/index.php\/accueil-2\/accueil-sdt\/actualites-2\/","og_site_name":"La tour Morillon","article_publisher":"https:\/\/www.facebook.com\/latourmorillon\/","article_modified_time":"2025-08-23T14:27:47+00:00","twitter_card":"summary_large_image","twitter_misc":{"Dur\u00e9e de lecture estim\u00e9e":"5 minutes"},"schema":{"@context":"https:\/\/schema.org","@graph":[{"@type":"WebPage","@id":"https:\/\/la-tour-morillon.fr\/index.php\/accueil-2\/accueil-sdt\/actualites-2\/","url":"https:\/\/la-tour-morillon.fr\/index.php\/accueil-2\/accueil-sdt\/actualites-2\/","name":"Actualit\u00e9s - La tour Morillon","isPartOf":{"@id":"https:\/\/la-tour-morillon.fr\/#website"},"datePublished":"2020-04-04T13:25:15+00:00","dateModified":"2025-08-23T14:27:47+00:00","description":"Un changement d'horaires ? Une animation \u00e0 venir ? Retrouvez toutes les actualit\u00e9s du salon de th\u00e9 La tour Morillon sur cette page !","breadcrumb":{"@id":"https:\/\/la-tour-morillon.fr\/index.php\/accueil-2\/accueil-sdt\/actualites-2\/#breadcrumb"},"inLanguage":"fr-FR","potentialAction":[{"@type":"ReadAction","target":["https:\/\/la-tour-morillon.fr\/index.php\/accueil-2\/accueil-sdt\/actualites-2\/"]}]},{"@type":"BreadcrumbList","@id":"https:\/\/la-tour-morillon.fr\/index.php\/accueil-2\/accueil-sdt\/actualites-2\/#breadcrumb","itemListElement":[{"@type":"ListItem","position":1,"name":"Accueil","item":"https:\/\/la-tour-morillon.fr\/"},{"@type":"ListItem","position":2,"name":"ACCUEIL","item":"https:\/\/la-tour-morillon.fr\/"},{"@type":"ListItem","position":3,"name":"Accueil SDT","item":"https:\/\/la-tour-morillon.fr\/index.php\/accueil-2\/accueil-sdt\/"},{"@type":"ListItem","position":4,"name":"Actualit\u00e9s"}]},{"@type":"WebSite","@id":"https:\/\/la-tour-morillon.fr\/#website","url":"https:\/\/la-tour-morillon.fr\/","name":"La tour Morillon","description":"Salon de th\u00e9 \u00e0 Saint-Amand-Montrond","publisher":{"@id":"https:\/\/la-tour-morillon.fr\/#organization"},"potentialAction":[{"@type":"SearchAction","target":{"@type":"EntryPoint","urlTemplate":"https:\/\/la-tour-morillon.fr\/?s={search_term_string}"},"query-input":{"@type":"PropertyValueSpecification","valueRequired":true,"valueName":"search_term_string"}}],"inLanguage":"fr-FR"},{"@type":"Organization","@id":"https:\/\/la-tour-morillon.fr\/#organization","name":"Association La Tour Morillon","url":"https:\/\/la-tour-morillon.fr\/","logo":{"@type":"ImageObject","inLanguage":"fr-FR","@id":"https:\/\/la-tour-morillon.fr\/#\/schema\/logo\/image\/","url":"https:\/\/la-tour-morillon.fr\/wp-content\/uploads\/2019\/03\/SDT-logo-noir.png","contentUrl":"https:\/\/la-tour-morillon.fr\/wp-content\/uploads\/2019\/03\/SDT-logo-noir.png","width":1592,"height":1592,"caption":"Association La Tour Morillon"},"image":{"@id":"https:\/\/la-tour-morillon.fr\/#\/schema\/logo\/image\/"},"sameAs":["https:\/\/www.facebook.com\/latourmorillon\/"]}]}},"_links":{"self":[{"href":"https:\/\/la-tour-morillon.fr\/index.php\/wp-json\/wp\/v2\/pages\/569","targetHints":{"allow":["GET"]}}],"collection":[{"href":"https:\/\/la-tour-morillon.fr\/index.php\/wp-json\/wp\/v2\/pages"}],"about":[{"href":"https:\/\/la-tour-morillon.fr\/index.php\/wp-json\/wp\/v2\/types\/page"}],"author":[{"embeddable":true,"href":"https:\/\/la-tour-morillon.fr\/index.php\/wp-json\/wp\/v2\/users\/1"}],"replies":[{"embeddable":true,"href":"https:\/\/la-tour-morillon.fr\/index.php\/wp-json\/wp\/v2\/comments?post=569"}],"version-history":[{"count":24,"href":"https:\/\/la-tour-morillon.fr\/index.php\/wp-json\/wp\/v2\/pages\/569\/revisions"}],"predecessor-version":[{"id":1983,"href":"https:\/\/la-tour-morillon.fr\/index.php\/wp-json\/wp\/v2\/pages\/569\/revisions\/1983"}],"up":[{"embeddable":true,"href":"https:\/\/la-tour-morillon.fr\/index.php\/wp-json\/wp\/v2\/pages\/591"}],"wp:attachment":[{"href":"https:\/\/la-tour-morillon.fr\/index.php\/wp-json\/wp\/v2\/media?parent=569"}],"wp:term":[{"taxonomy":"post_tag","embeddable":true,"href":"https:\/\/la-tour-morillon.fr\/index.php\/wp-json\/wp\/v2\/tags?post=569"}],"curies":[{"name":"wp","href":"https:\/\/api.w.org\/{rel}","templated":true}]}}